{"id":804,"date":"2025-10-17T17:07:02","date_gmt":"2025-10-17T14:07:02","guid":{"rendered":"https:\/\/lennis.fi\/?post_type=product&#038;p=804"},"modified":"2025-10-18T11:49:27","modified_gmt":"2025-10-18T08:49:27","slug":"enkeli-koriste","status":"publish","type":"product","link":"https:\/\/lennis.fi\/index.php\/product\/enkeli-koriste\/","title":{"rendered":"Enkeli -koriste"},"content":{"rendered":"<p>Vartalo huopakangasta, puuhelmi p\u00e4\u00e4 ja hiukset lampaanvillaa.<\/p>\n<p>Koko n. 8cm.<\/p>\n<p>Kaikki k\u00e4sintehtyj\u00e4, joten ovat yksil\u00f6it\u00e4.<\/p>\n","protected":false},"excerpt":{"rendered":"<p>Vaaleanpunainen koriste-enkeli ripustuslenkill\u00e4.<\/p>\n","protected":false},"featured_media":740,"comment_status":"open","ping_status":"closed","template":"","meta":[],"product_brand":[],"product_cat":[33,40],"product_tag":[],"class_list":{"0":"post-804","1":"product","2":"type-product","3":"status-publish","4":"has-post-thumbnail","6":"product_cat-kaikki","7":"product_cat-joulu","9":"first","10":"instock","11":"taxable","12":"shipping-taxable","13":"purchasable","14":"product-type-simple"},"jetpack_sharing_enabled":true,"_links":{"self":[{"href":"https:\/\/lennis.fi\/index.php\/wp-json\/wp\/v2\/product\/804","targetHints":{"allow":["GET"]}}],"collection":[{"href":"https:\/\/lennis.fi\/index.php\/wp-json\/wp\/v2\/product"}],"about":[{"href":"https:\/\/lennis.fi\/index.php\/wp-json\/wp\/v2\/types\/product"}],"replies":[{"embeddable":true,"href":"https:\/\/lennis.fi\/index.php\/wp-json\/wp\/v2\/comments?post=804"}],"wp:featuredmedia":[{"embeddable":true,"href":"https:\/\/lennis.fi\/index.php\/wp-json\/wp\/v2\/media\/740"}],"wp:attachment":[{"href":"https:\/\/lennis.fi\/index.php\/wp-json\/wp\/v2\/media?parent=804"}],"wp:term":[{"taxonomy":"product_brand","embeddable":true,"href":"https:\/\/lennis.fi\/index.php\/wp-json\/wp\/v2\/product_brand?post=804"},{"taxonomy":"product_cat","embeddable":true,"href":"https:\/\/lennis.fi\/index.php\/wp-json\/wp\/v2\/product_cat?post=804"},{"taxonomy":"product_tag","embeddable":true,"href":"https:\/\/lennis.fi\/index.php\/wp-json\/wp\/v2\/product_tag?post=804"}],"curies":[{"name":"wp","href":"https:\/\/api.w.org\/{rel}","templated":true}]}}