{"id":651,"date":"2025-08-31T11:54:58","date_gmt":"2025-08-31T08:54:58","guid":{"rendered":"https:\/\/lennis.fi\/?post_type=product&#038;p=651"},"modified":"2025-08-31T12:52:51","modified_gmt":"2025-08-31T09:52:51","slug":"heijastin-pupu","status":"publish","type":"product","link":"https:\/\/lennis.fi\/index.php\/product\/heijastin-pupu\/","title":{"rendered":"Heijastin pupu"},"content":{"rendered":"<p>Materiaali huopaa, t\u00e4ytteen\u00e4 vanu. Heijastinkangasta molemmilla puolilla ja heijastavia helmi\u00e4<\/p>\n<p>Pituus: pupu 11 cm (koko mitta helmien kanssa n. 18cm)<\/p>\n","protected":false},"excerpt":{"rendered":"<p>N\u00e4y pime\u00e4ss\u00e4. Sopii roikkumaan esim. laukkuun, reppuun, vaunuun.<\/p>\n<p>Sopiva my\u00f6s esim. joulukalenteri yll\u00e4tykseksi!<\/p>\n","protected":false},"featured_media":567,"comment_status":"open","ping_status":"closed","template":"","meta":[],"product_brand":[],"product_cat":[33,32,30],"product_tag":[],"class_list":{"0":"post-651","1":"product","2":"type-product","3":"status-publish","4":"has-post-thumbnail","6":"product_cat-kaikki","7":"product_cat-heijastimet","8":"product_cat-avaimenperat","10":"first","11":"instock","12":"taxable","13":"shipping-taxable","14":"purchasable","15":"product-type-simple"},"jetpack_sharing_enabled":true,"_links":{"self":[{"href":"https:\/\/lennis.fi\/index.php\/wp-json\/wp\/v2\/product\/651","targetHints":{"allow":["GET"]}}],"collection":[{"href":"https:\/\/lennis.fi\/index.php\/wp-json\/wp\/v2\/product"}],"about":[{"href":"https:\/\/lennis.fi\/index.php\/wp-json\/wp\/v2\/types\/product"}],"replies":[{"embeddable":true,"href":"https:\/\/lennis.fi\/index.php\/wp-json\/wp\/v2\/comments?post=651"}],"wp:featuredmedia":[{"embeddable":true,"href":"https:\/\/lennis.fi\/index.php\/wp-json\/wp\/v2\/media\/567"}],"wp:attachment":[{"href":"https:\/\/lennis.fi\/index.php\/wp-json\/wp\/v2\/media?parent=651"}],"wp:term":[{"taxonomy":"product_brand","embeddable":true,"href":"https:\/\/lennis.fi\/index.php\/wp-json\/wp\/v2\/product_brand?post=651"},{"taxonomy":"product_cat","embeddable":true,"href":"https:\/\/lennis.fi\/index.php\/wp-json\/wp\/v2\/product_cat?post=651"},{"taxonomy":"product_tag","embeddable":true,"href":"https:\/\/lennis.fi\/index.php\/wp-json\/wp\/v2\/product_tag?post=651"}],"curies":[{"name":"wp","href":"https:\/\/api.w.org\/{rel}","templated":true}]}}