{"id":650,"date":"2025-08-31T11:53:20","date_gmt":"2025-08-31T08:53:20","guid":{"rendered":"https:\/\/lennis.fi\/?post_type=product&#038;p=650"},"modified":"2025-08-31T12:58:41","modified_gmt":"2025-08-31T09:58:41","slug":"heijastin-pollo","status":"publish","type":"product","link":"https:\/\/lennis.fi\/index.php\/product\/heijastin-pollo\/","title":{"rendered":"Heijastin p\u00f6ll\u00f6"},"content":{"rendered":"<p>Materiaali huopaa, t\u00e4ytteen\u00e4 vanu. Heijastinkangasta molemmilla puolilla ja heijastavia helmi\u00e4.<\/p>\n<p>P\u00f6ll\u00f6n koko n. 6cm, helminauhan kanssa n. 13 cm.<\/p>\n","protected":false},"excerpt":{"rendered":"<p>N\u00e4y pime\u00e4ss\u00e4. Sopii roikkumaan esim. laukkuun, reppuun, vaunuun.<\/p>\n<p>Sopiva my\u00f6s esim. joulukalenteriin yll\u00e4tykseksi!<\/p>\n","protected":false},"featured_media":572,"comment_status":"open","ping_status":"closed","template":"","meta":[],"product_brand":[],"product_cat":[33,32,30],"product_tag":[35,36,34],"class_list":{"0":"post-650","1":"product","2":"type-product","3":"status-publish","4":"has-post-thumbnail","6":"product_cat-kaikki","7":"product_cat-heijastimet","8":"product_cat-avaimenperat","9":"product_tag-avaimenpera","10":"product_tag-heijastin","11":"product_tag-pollo","13":"first","14":"instock","15":"taxable","16":"shipping-taxable","17":"purchasable","18":"product-type-simple"},"jetpack_sharing_enabled":true,"_links":{"self":[{"href":"https:\/\/lennis.fi\/index.php\/wp-json\/wp\/v2\/product\/650","targetHints":{"allow":["GET"]}}],"collection":[{"href":"https:\/\/lennis.fi\/index.php\/wp-json\/wp\/v2\/product"}],"about":[{"href":"https:\/\/lennis.fi\/index.php\/wp-json\/wp\/v2\/types\/product"}],"replies":[{"embeddable":true,"href":"https:\/\/lennis.fi\/index.php\/wp-json\/wp\/v2\/comments?post=650"}],"wp:featuredmedia":[{"embeddable":true,"href":"https:\/\/lennis.fi\/index.php\/wp-json\/wp\/v2\/media\/572"}],"wp:attachment":[{"href":"https:\/\/lennis.fi\/index.php\/wp-json\/wp\/v2\/media?parent=650"}],"wp:term":[{"taxonomy":"product_brand","embeddable":true,"href":"https:\/\/lennis.fi\/index.php\/wp-json\/wp\/v2\/product_brand?post=650"},{"taxonomy":"product_cat","embeddable":true,"href":"https:\/\/lennis.fi\/index.php\/wp-json\/wp\/v2\/product_cat?post=650"},{"taxonomy":"product_tag","embeddable":true,"href":"https:\/\/lennis.fi\/index.php\/wp-json\/wp\/v2\/product_tag?post=650"}],"curies":[{"name":"wp","href":"https:\/\/api.w.org\/{rel}","templated":true}]}}