{"id":649,"date":"2025-08-31T11:52:12","date_gmt":"2025-08-31T08:52:12","guid":{"rendered":"https:\/\/lennis.fi\/?post_type=product&#038;p=649"},"modified":"2025-08-31T12:54:13","modified_gmt":"2025-08-31T09:54:13","slug":"heijastin-leijona","status":"publish","type":"product","link":"https:\/\/lennis.fi\/index.php\/product\/heijastin-leijona\/","title":{"rendered":"Heijastin leijona"},"content":{"rendered":"<p>Materiaali huopaa, t\u00e4ytteen\u00e4 vanu. Heijastinkangasta molemmilla puolilla ja heijastavia helmi\u00e4.<\/p>\n<p>Pituus: leijona 11 cm (koko mitta helmien kanssa n. 18cm)<\/p>\n","protected":false},"excerpt":{"rendered":"<p>N\u00e4y pime\u00e4ss\u00e4. Sopii roikkumaan esim. laukkuun, reppuun, vaunuun.<\/p>\n<p>Sopiva my\u00f6s esim. joulukalenteri yll\u00e4tykseksi!<\/p>\n","protected":false},"featured_media":566,"comment_status":"open","ping_status":"closed","template":"","meta":[],"product_brand":[],"product_cat":[33,32,30],"product_tag":[36,37],"class_list":{"0":"post-649","1":"product","2":"type-product","3":"status-publish","4":"has-post-thumbnail","6":"product_cat-kaikki","7":"product_cat-heijastimet","8":"product_cat-avaimenperat","9":"product_tag-heijastin","10":"product_tag-leijona","12":"first","13":"instock","14":"taxable","15":"shipping-taxable","16":"purchasable","17":"product-type-simple"},"jetpack_sharing_enabled":true,"_links":{"self":[{"href":"https:\/\/lennis.fi\/index.php\/wp-json\/wp\/v2\/product\/649","targetHints":{"allow":["GET"]}}],"collection":[{"href":"https:\/\/lennis.fi\/index.php\/wp-json\/wp\/v2\/product"}],"about":[{"href":"https:\/\/lennis.fi\/index.php\/wp-json\/wp\/v2\/types\/product"}],"replies":[{"embeddable":true,"href":"https:\/\/lennis.fi\/index.php\/wp-json\/wp\/v2\/comments?post=649"}],"wp:featuredmedia":[{"embeddable":true,"href":"https:\/\/lennis.fi\/index.php\/wp-json\/wp\/v2\/media\/566"}],"wp:attachment":[{"href":"https:\/\/lennis.fi\/index.php\/wp-json\/wp\/v2\/media?parent=649"}],"wp:term":[{"taxonomy":"product_brand","embeddable":true,"href":"https:\/\/lennis.fi\/index.php\/wp-json\/wp\/v2\/product_brand?post=649"},{"taxonomy":"product_cat","embeddable":true,"href":"https:\/\/lennis.fi\/index.php\/wp-json\/wp\/v2\/product_cat?post=649"},{"taxonomy":"product_tag","embeddable":true,"href":"https:\/\/lennis.fi\/index.php\/wp-json\/wp\/v2\/product_tag?post=649"}],"curies":[{"name":"wp","href":"https:\/\/api.w.org\/{rel}","templated":true}]}}