{"id":648,"date":"2025-08-31T11:52:04","date_gmt":"2025-08-31T08:52:04","guid":{"rendered":"https:\/\/lennis.fi\/?post_type=product&#038;p=648"},"modified":"2025-08-31T14:44:32","modified_gmt":"2025-08-31T11:44:32","slug":"heijastin-kissa","status":"publish","type":"product","link":"https:\/\/lennis.fi\/index.php\/product\/heijastin-kissa\/","title":{"rendered":"Heijastin kissa"},"content":{"rendered":"<p>Materiaali huopaa, t\u00e4ytteen\u00e4 vanu. Heijastinkangasta molemmilla puolilla ja heijastavia helmi\u00e4.<\/p>\n<p>Kissan koko h\u00e4nn\u00e4st\u00e4 jalkaan n. 10 cm, helmien kanssa n. 14 cm.<\/p>\n","protected":false},"excerpt":{"rendered":"<p>N\u00e4y pime\u00e4ss\u00e4. Sopii roikkumaan esim. laukkuun, reppuun, vaunuun.<\/p>\n<p>Sopiva my\u00f6s esim. joulukalenteriin yll\u00e4tykseksi!<\/p>\n","protected":false},"featured_media":570,"comment_status":"open","ping_status":"closed","template":"","meta":[],"product_brand":[],"product_cat":[33,32,30],"product_tag":[36,38],"class_list":{"0":"post-648","1":"product","2":"type-product","3":"status-publish","4":"has-post-thumbnail","6":"product_cat-kaikki","7":"product_cat-heijastimet","8":"product_cat-avaimenperat","9":"product_tag-heijastin","10":"product_tag-kissa","12":"first","13":"instock","14":"taxable","15":"shipping-taxable","16":"purchasable","17":"product-type-simple"},"jetpack_sharing_enabled":true,"_links":{"self":[{"href":"https:\/\/lennis.fi\/index.php\/wp-json\/wp\/v2\/product\/648","targetHints":{"allow":["GET"]}}],"collection":[{"href":"https:\/\/lennis.fi\/index.php\/wp-json\/wp\/v2\/product"}],"about":[{"href":"https:\/\/lennis.fi\/index.php\/wp-json\/wp\/v2\/types\/product"}],"replies":[{"embeddable":true,"href":"https:\/\/lennis.fi\/index.php\/wp-json\/wp\/v2\/comments?post=648"}],"wp:featuredmedia":[{"embeddable":true,"href":"https:\/\/lennis.fi\/index.php\/wp-json\/wp\/v2\/media\/570"}],"wp:attachment":[{"href":"https:\/\/lennis.fi\/index.php\/wp-json\/wp\/v2\/media?parent=648"}],"wp:term":[{"taxonomy":"product_brand","embeddable":true,"href":"https:\/\/lennis.fi\/index.php\/wp-json\/wp\/v2\/product_brand?post=648"},{"taxonomy":"product_cat","embeddable":true,"href":"https:\/\/lennis.fi\/index.php\/wp-json\/wp\/v2\/product_cat?post=648"},{"taxonomy":"product_tag","embeddable":true,"href":"https:\/\/lennis.fi\/index.php\/wp-json\/wp\/v2\/product_tag?post=648"}],"curies":[{"name":"wp","href":"https:\/\/api.w.org\/{rel}","templated":true}]}}