{"id":632,"date":"2025-10-18T12:00:50","date_gmt":"2025-10-18T09:00:50","guid":{"rendered":"https:\/\/lennis.fi\/?post_type=product&#038;p=632"},"modified":"2025-10-18T12:09:26","modified_gmt":"2025-10-18T09:09:26","slug":"magneettitonttu","status":"publish","type":"product","link":"https:\/\/lennis.fi\/index.php\/product\/magneettitonttu\/","title":{"rendered":"Magneettitonttu"},"content":{"rendered":"<p>Materiaali sukkahousua, t\u00e4ytteen\u00e4 vanu, lakki trikookangasta ja kulkunen. Takana magneetti.<\/p>\n","protected":false},"excerpt":{"rendered":"<p>Hauska pikkutonttu vaikka j\u00e4\u00e4kaapin oveen. Tontun takana magneetti.<\/p>\n<p>K\u00e4sintehtyj\u00e4 ja kaikilla hieman erilaiset ilmeet. Yksil\u00f6it\u00e4.<\/p>\n","protected":false},"featured_media":603,"comment_status":"open","ping_status":"closed","template":"","meta":[],"product_brand":[],"product_cat":[33,40],"product_tag":[],"class_list":{"0":"post-632","1":"product","2":"type-product","3":"status-publish","4":"has-post-thumbnail","6":"product_cat-kaikki","7":"product_cat-joulu","9":"first","10":"instock","11":"taxable","12":"shipping-taxable","13":"purchasable","14":"product-type-simple"},"jetpack_sharing_enabled":true,"_links":{"self":[{"href":"https:\/\/lennis.fi\/index.php\/wp-json\/wp\/v2\/product\/632","targetHints":{"allow":["GET"]}}],"collection":[{"href":"https:\/\/lennis.fi\/index.php\/wp-json\/wp\/v2\/product"}],"about":[{"href":"https:\/\/lennis.fi\/index.php\/wp-json\/wp\/v2\/types\/product"}],"replies":[{"embeddable":true,"href":"https:\/\/lennis.fi\/index.php\/wp-json\/wp\/v2\/comments?post=632"}],"wp:featuredmedia":[{"embeddable":true,"href":"https:\/\/lennis.fi\/index.php\/wp-json\/wp\/v2\/media\/603"}],"wp:attachment":[{"href":"https:\/\/lennis.fi\/index.php\/wp-json\/wp\/v2\/media?parent=632"}],"wp:term":[{"taxonomy":"product_brand","embeddable":true,"href":"https:\/\/lennis.fi\/index.php\/wp-json\/wp\/v2\/product_brand?post=632"},{"taxonomy":"product_cat","embeddable":true,"href":"https:\/\/lennis.fi\/index.php\/wp-json\/wp\/v2\/product_cat?post=632"},{"taxonomy":"product_tag","embeddable":true,"href":"https:\/\/lennis.fi\/index.php\/wp-json\/wp\/v2\/product_tag?post=632"}],"curies":[{"name":"wp","href":"https:\/\/api.w.org\/{rel}","templated":true}]}}