{"id":470,"date":"2025-06-29T11:12:36","date_gmt":"2025-06-29T08:12:36","guid":{"rendered":"https:\/\/lennis.fi\/?post_type=product&#038;p=470"},"modified":"2025-08-31T13:17:22","modified_gmt":"2025-08-31T10:17:22","slug":"kilpikonna-virkattu-vari-c","status":"publish","type":"product","link":"https:\/\/lennis.fi\/index.php\/product\/kilpikonna-virkattu-vari-c\/","title":{"rendered":"Kilpikonna virkattu (v\u00e4ri C)"},"content":{"rendered":"<p><img loading=\"lazy\" decoding=\"async\" class=\"alignnone size-medium wp-image-442\" src=\"https:\/\/lennis.fi\/wp-content\/uploads\/2025\/06\/Kilpikonnat-pehmot-matkalaukulla-1-300x224.jpg\" alt=\"\" width=\"300\" height=\"224\" srcset=\"https:\/\/lennis.fi\/wp-content\/uploads\/2025\/06\/Kilpikonnat-pehmot-matkalaukulla-1-300x224.jpg 300w, https:\/\/lennis.fi\/wp-content\/uploads\/2025\/06\/Kilpikonnat-pehmot-matkalaukulla-1-1024x765.jpg 1024w, https:\/\/lennis.fi\/wp-content\/uploads\/2025\/06\/Kilpikonnat-pehmot-matkalaukulla-1-768x573.jpg 768w, https:\/\/lennis.fi\/wp-content\/uploads\/2025\/06\/Kilpikonnat-pehmot-matkalaukulla-1-1536x1147.jpg 1536w, https:\/\/lennis.fi\/wp-content\/uploads\/2025\/06\/Kilpikonnat-pehmot-matkalaukulla-1-2048x1529.jpg 2048w\" sizes=\"auto, (max-width: 300px) 100vw, 300px\" \/><\/p>\n","protected":false},"excerpt":{"rendered":"<p>Virkatut kilpikonnat<\/p>\n<p>Koristeeksi, leikkiin tai vaikka neulatyynyksi.<\/p>\n<p>T\u00e4ytteen\u00e4 vanu. Helmisilm\u00e4t. 7 veljest\u00e4 lankaa.<\/p>\n","protected":false},"featured_media":435,"comment_status":"open","ping_status":"closed","template":"","meta":[],"product_brand":[],"product_cat":[33,22],"product_tag":[],"class_list":{"0":"post-470","1":"product","2":"type-product","3":"status-publish","4":"has-post-thumbnail","6":"product_cat-kaikki","7":"product_cat-virkkaus","9":"first","10":"instock","11":"taxable","12":"shipping-taxable","13":"purchasable","14":"product-type-simple"},"jetpack_sharing_enabled":true,"_links":{"self":[{"href":"https:\/\/lennis.fi\/index.php\/wp-json\/wp\/v2\/product\/470","targetHints":{"allow":["GET"]}}],"collection":[{"href":"https:\/\/lennis.fi\/index.php\/wp-json\/wp\/v2\/product"}],"about":[{"href":"https:\/\/lennis.fi\/index.php\/wp-json\/wp\/v2\/types\/product"}],"replies":[{"embeddable":true,"href":"https:\/\/lennis.fi\/index.php\/wp-json\/wp\/v2\/comments?post=470"}],"wp:featuredmedia":[{"embeddable":true,"href":"https:\/\/lennis.fi\/index.php\/wp-json\/wp\/v2\/media\/435"}],"wp:attachment":[{"href":"https:\/\/lennis.fi\/index.php\/wp-json\/wp\/v2\/media?parent=470"}],"wp:term":[{"taxonomy":"product_brand","embeddable":true,"href":"https:\/\/lennis.fi\/index.php\/wp-json\/wp\/v2\/product_brand?post=470"},{"taxonomy":"product_cat","embeddable":true,"href":"https:\/\/lennis.fi\/index.php\/wp-json\/wp\/v2\/product_cat?post=470"},{"taxonomy":"product_tag","embeddable":true,"href":"https:\/\/lennis.fi\/index.php\/wp-json\/wp\/v2\/product_tag?post=470"}],"curies":[{"name":"wp","href":"https:\/\/api.w.org\/{rel}","templated":true}]}}