{"id":456,"date":"2025-06-29T07:42:38","date_gmt":"2025-06-29T07:42:38","guid":{"rendered":"https:\/\/lennis.fi\/?post_type=product&#038;p=456"},"modified":"2025-08-31T13:20:09","modified_gmt":"2025-08-31T10:20:09","slug":"pehmopupu-kuvio-a","status":"publish","type":"product","link":"https:\/\/lennis.fi\/index.php\/product\/pehmopupu-kuvio-a\/","title":{"rendered":"Pehmopupu (kuvio A)"},"content":{"rendered":"<p>Puuvillakangasta. T\u00e4ytteen\u00e4 vanu. Ei irtoavia osia.<\/p>\n<p>Koko n.33 (korvasta jalkaan)<\/p>\n<p><img loading=\"lazy\" decoding=\"async\" class=\"alignnone size-medium wp-image-457\" src=\"https:\/\/lennis.fi\/wp-content\/uploads\/2025\/06\/Puput-korissa-229x300.jpg\" alt=\"\" width=\"229\" height=\"300\" srcset=\"https:\/\/lennis.fi\/wp-content\/uploads\/2025\/06\/Puput-korissa-229x300.jpg 229w, https:\/\/lennis.fi\/wp-content\/uploads\/2025\/06\/Puput-korissa-780x1024.jpg 780w, https:\/\/lennis.fi\/wp-content\/uploads\/2025\/06\/Puput-korissa-768x1008.jpg 768w, https:\/\/lennis.fi\/wp-content\/uploads\/2025\/06\/Puput-korissa-1170x1536.jpg 1170w, https:\/\/lennis.fi\/wp-content\/uploads\/2025\/06\/Puput-korissa-600x788.jpg 600w, https:\/\/lennis.fi\/wp-content\/uploads\/2025\/06\/Puput-korissa.jpg 1225w\" sizes=\"auto, (max-width: 229px) 100vw, 229px\" \/><\/p>\n","protected":false},"excerpt":{"rendered":"<p>S\u00f6p\u00f6 pehme\u00e4 pupu. Sopii niin unikaveriksi, kuin leikkeihin.<\/p>\n<p>Sopiva pienen lapsen k\u00e4teen.<\/p>\n<p>&nbsp;<\/p>\n","protected":false},"featured_media":304,"comment_status":"open","ping_status":"closed","template":"","meta":[],"product_brand":[],"product_cat":[33,29,26],"product_tag":[],"class_list":{"0":"post-456","1":"product","2":"type-product","3":"status-publish","4":"has-post-thumbnail","6":"product_cat-kaikki","7":"product_cat-pehmoelaimet","8":"product_cat-ompelukset","10":"first","11":"instock","12":"taxable","13":"shipping-taxable","14":"purchasable","15":"product-type-simple"},"jetpack_sharing_enabled":true,"_links":{"self":[{"href":"https:\/\/lennis.fi\/index.php\/wp-json\/wp\/v2\/product\/456","targetHints":{"allow":["GET"]}}],"collection":[{"href":"https:\/\/lennis.fi\/index.php\/wp-json\/wp\/v2\/product"}],"about":[{"href":"https:\/\/lennis.fi\/index.php\/wp-json\/wp\/v2\/types\/product"}],"replies":[{"embeddable":true,"href":"https:\/\/lennis.fi\/index.php\/wp-json\/wp\/v2\/comments?post=456"}],"wp:featuredmedia":[{"embeddable":true,"href":"https:\/\/lennis.fi\/index.php\/wp-json\/wp\/v2\/media\/304"}],"wp:attachment":[{"href":"https:\/\/lennis.fi\/index.php\/wp-json\/wp\/v2\/media?parent=456"}],"wp:term":[{"taxonomy":"product_brand","embeddable":true,"href":"https:\/\/lennis.fi\/index.php\/wp-json\/wp\/v2\/product_brand?post=456"},{"taxonomy":"product_cat","embeddable":true,"href":"https:\/\/lennis.fi\/index.php\/wp-json\/wp\/v2\/product_cat?post=456"},{"taxonomy":"product_tag","embeddable":true,"href":"https:\/\/lennis.fi\/index.php\/wp-json\/wp\/v2\/product_tag?post=456"}],"curies":[{"name":"wp","href":"https:\/\/api.w.org\/{rel}","templated":true}]}}