{"id":391,"date":"2025-06-22T19:41:45","date_gmt":"2025-06-22T19:41:45","guid":{"rendered":"https:\/\/lennis.fi\/?post_type=product&#038;p=391"},"modified":"2025-08-31T13:21:33","modified_gmt":"2025-08-31T10:21:33","slug":"pollo-oksalla-harmaa-2","status":"publish","type":"product","link":"https:\/\/lennis.fi\/index.php\/product\/pollo-oksalla-harmaa-2\/","title":{"rendered":"P\u00f6ll\u00f6 oksalla (harmaa)"},"content":{"rendered":"<p>Neulahuovutettu p\u00f6ll\u00f6. P\u00f6ll\u00f6n koko n. 8 cm.<\/p>\n<p>Oksa haapaa ja oksan pituus n. 12 cm.<\/p>\n","protected":false},"excerpt":{"rendered":"<p>Neulahuovutettu p\u00f6ll\u00f6 haapaoksalla.<\/p>\n<p>Kevyt ja helppo ripustaa minne vain.<\/p>\n<p>Suosittu tuliainen!<\/p>\n","protected":false},"featured_media":380,"comment_status":"open","ping_status":"closed","template":"","meta":[],"product_brand":[],"product_cat":[33,24],"product_tag":[],"class_list":{"0":"post-391","1":"product","2":"type-product","3":"status-publish","4":"has-post-thumbnail","6":"product_cat-kaikki","7":"product_cat-huovutus","9":"first","10":"instock","11":"taxable","12":"shipping-taxable","13":"purchasable","14":"product-type-simple"},"jetpack_sharing_enabled":true,"_links":{"self":[{"href":"https:\/\/lennis.fi\/index.php\/wp-json\/wp\/v2\/product\/391","targetHints":{"allow":["GET"]}}],"collection":[{"href":"https:\/\/lennis.fi\/index.php\/wp-json\/wp\/v2\/product"}],"about":[{"href":"https:\/\/lennis.fi\/index.php\/wp-json\/wp\/v2\/types\/product"}],"replies":[{"embeddable":true,"href":"https:\/\/lennis.fi\/index.php\/wp-json\/wp\/v2\/comments?post=391"}],"wp:featuredmedia":[{"embeddable":true,"href":"https:\/\/lennis.fi\/index.php\/wp-json\/wp\/v2\/media\/380"}],"wp:attachment":[{"href":"https:\/\/lennis.fi\/index.php\/wp-json\/wp\/v2\/media?parent=391"}],"wp:term":[{"taxonomy":"product_brand","embeddable":true,"href":"https:\/\/lennis.fi\/index.php\/wp-json\/wp\/v2\/product_brand?post=391"},{"taxonomy":"product_cat","embeddable":true,"href":"https:\/\/lennis.fi\/index.php\/wp-json\/wp\/v2\/product_cat?post=391"},{"taxonomy":"product_tag","embeddable":true,"href":"https:\/\/lennis.fi\/index.php\/wp-json\/wp\/v2\/product_tag?post=391"}],"curies":[{"name":"wp","href":"https:\/\/api.w.org\/{rel}","templated":true}]}}