{"id":388,"date":"2025-06-23T16:08:22","date_gmt":"2025-06-23T16:08:22","guid":{"rendered":"https:\/\/lennis.fi\/?post_type=product&#038;p=388"},"modified":"2025-08-31T13:21:10","modified_gmt":"2025-08-31T10:21:10","slug":"nelja-polloa-oksalla-harmaa","status":"publish","type":"product","link":"https:\/\/lennis.fi\/index.php\/product\/nelja-polloa-oksalla-harmaa\/","title":{"rendered":"Nelj\u00e4 p\u00f6ll\u00f6\u00e4 oksalla (harmaa)"},"content":{"rendered":"<p>Neulahuovutetut p\u00f6ll\u00f6t. P\u00f6ll\u00f6jen koko n. 8cm (isoin) &#8211; 5 cm (pienin)<\/p>\n<p>Oksa haapaa ja oksan pituus n. 21 cm.<\/p>\n","protected":false},"excerpt":{"rendered":"<p>Hauska p\u00f6ll\u00f6perhe oksalla.<\/p>\n<p>Kevyt ja helppo ripustaa minne vain.<\/p>\n<p>Suosittu tuliainen!<\/p>\n","protected":false},"featured_media":377,"comment_status":"open","ping_status":"closed","template":"","meta":[],"product_brand":[],"product_cat":[33,24],"product_tag":[],"class_list":{"0":"post-388","1":"product","2":"type-product","3":"status-publish","4":"has-post-thumbnail","6":"product_cat-kaikki","7":"product_cat-huovutus","9":"first","10":"instock","11":"taxable","12":"shipping-taxable","13":"purchasable","14":"product-type-simple"},"jetpack_sharing_enabled":true,"_links":{"self":[{"href":"https:\/\/lennis.fi\/index.php\/wp-json\/wp\/v2\/product\/388","targetHints":{"allow":["GET"]}}],"collection":[{"href":"https:\/\/lennis.fi\/index.php\/wp-json\/wp\/v2\/product"}],"about":[{"href":"https:\/\/lennis.fi\/index.php\/wp-json\/wp\/v2\/types\/product"}],"replies":[{"embeddable":true,"href":"https:\/\/lennis.fi\/index.php\/wp-json\/wp\/v2\/comments?post=388"}],"wp:featuredmedia":[{"embeddable":true,"href":"https:\/\/lennis.fi\/index.php\/wp-json\/wp\/v2\/media\/377"}],"wp:attachment":[{"href":"https:\/\/lennis.fi\/index.php\/wp-json\/wp\/v2\/media?parent=388"}],"wp:term":[{"taxonomy":"product_brand","embeddable":true,"href":"https:\/\/lennis.fi\/index.php\/wp-json\/wp\/v2\/product_brand?post=388"},{"taxonomy":"product_cat","embeddable":true,"href":"https:\/\/lennis.fi\/index.php\/wp-json\/wp\/v2\/product_cat?post=388"},{"taxonomy":"product_tag","embeddable":true,"href":"https:\/\/lennis.fi\/index.php\/wp-json\/wp\/v2\/product_tag?post=388"}],"curies":[{"name":"wp","href":"https:\/\/api.w.org\/{rel}","templated":true}]}}