{"id":342,"date":"2025-06-22T18:15:46","date_gmt":"2025-06-22T18:15:46","guid":{"rendered":"https:\/\/lennis.fi\/?post_type=product&#038;p=342"},"modified":"2025-08-31T13:23:02","modified_gmt":"2025-08-31T10:23:02","slug":"heppa-avaimenpera","status":"publish","type":"product","link":"https:\/\/lennis.fi\/index.php\/product\/heppa-avaimenpera\/","title":{"rendered":"Heppa avaimenper\u00e4"},"content":{"rendered":"","protected":false},"excerpt":{"rendered":"<p>Materiaali huopa, vanut\u00e4yte, helmisilm\u00e4t, Hevosen p\u00e4\u00e4 n, 8cm<\/p>\n<p>Rusetin tai kiinnitysnauhan v\u00e4ri saattaa hieman poiketa kuvasta.<\/p>\n","protected":false},"featured_media":280,"comment_status":"open","ping_status":"closed","template":"","meta":[],"product_brand":[],"product_cat":[33,30],"product_tag":[],"class_list":{"0":"post-342","1":"product","2":"type-product","3":"status-publish","4":"has-post-thumbnail","6":"product_cat-kaikki","7":"product_cat-avaimenperat","9":"first","10":"instock","11":"taxable","12":"shipping-taxable","13":"purchasable","14":"product-type-simple"},"jetpack_sharing_enabled":true,"_links":{"self":[{"href":"https:\/\/lennis.fi\/index.php\/wp-json\/wp\/v2\/product\/342","targetHints":{"allow":["GET"]}}],"collection":[{"href":"https:\/\/lennis.fi\/index.php\/wp-json\/wp\/v2\/product"}],"about":[{"href":"https:\/\/lennis.fi\/index.php\/wp-json\/wp\/v2\/types\/product"}],"replies":[{"embeddable":true,"href":"https:\/\/lennis.fi\/index.php\/wp-json\/wp\/v2\/comments?post=342"}],"wp:featuredmedia":[{"embeddable":true,"href":"https:\/\/lennis.fi\/index.php\/wp-json\/wp\/v2\/media\/280"}],"wp:attachment":[{"href":"https:\/\/lennis.fi\/index.php\/wp-json\/wp\/v2\/media?parent=342"}],"wp:term":[{"taxonomy":"product_brand","embeddable":true,"href":"https:\/\/lennis.fi\/index.php\/wp-json\/wp\/v2\/product_brand?post=342"},{"taxonomy":"product_cat","embeddable":true,"href":"https:\/\/lennis.fi\/index.php\/wp-json\/wp\/v2\/product_cat?post=342"},{"taxonomy":"product_tag","embeddable":true,"href":"https:\/\/lennis.fi\/index.php\/wp-json\/wp\/v2\/product_tag?post=342"}],"curies":[{"name":"wp","href":"https:\/\/api.w.org\/{rel}","templated":true}]}}