{"id":321,"date":"2025-06-22T16:01:00","date_gmt":"2025-06-22T16:01:00","guid":{"rendered":"https:\/\/lennis.fi\/?post_type=product&#038;p=321"},"modified":"2025-08-31T13:26:55","modified_gmt":"2025-08-31T10:26:55","slug":"sammakko-virkattu","status":"publish","type":"product","link":"https:\/\/lennis.fi\/index.php\/product\/sammakko-virkattu\/","title":{"rendered":"Sammakko, virkattu"},"content":{"rendered":"<p>Virkattu sammakko 7-veljest\u00e4 langasta. T\u00e4ytteen\u00e4 vanu.<\/p>\n<p>Koko n. 20-21 cm<\/p>\n<p>Sammakot ovat k\u00e4sity\u00f6t\u00e4, joten pieni\u00e4 yksil\u00f6llisi\u00e4 eroja saattaa olla. Sammakot ovat uniikkeja.<\/p>\n<p><img loading=\"lazy\" decoding=\"async\" class=\"alignnone wp-image-288\" src=\"https:\/\/lennis.fi\/wp-content\/uploads\/2025\/06\/Sammakot-ryhmassa-300x278.jpg\" alt=\"\" width=\"323\" height=\"299\" srcset=\"https:\/\/lennis.fi\/wp-content\/uploads\/2025\/06\/Sammakot-ryhmassa-300x278.jpg 300w, https:\/\/lennis.fi\/wp-content\/uploads\/2025\/06\/Sammakot-ryhmassa-1024x948.jpg 1024w, https:\/\/lennis.fi\/wp-content\/uploads\/2025\/06\/Sammakot-ryhmassa-768x711.jpg 768w, https:\/\/lennis.fi\/wp-content\/uploads\/2025\/06\/Sammakot-ryhmassa-600x555.jpg 600w, https:\/\/lennis.fi\/wp-content\/uploads\/2025\/06\/Sammakot-ryhmassa.jpg 1219w\" sizes=\"auto, (max-width: 323px) 100vw, 323px\" \/> <img loading=\"lazy\" decoding=\"async\" class=\"alignnone size-medium wp-image-289\" src=\"https:\/\/lennis.fi\/wp-content\/uploads\/2025\/06\/Sammakko-222x300.jpg\" alt=\"\" width=\"222\" height=\"300\" srcset=\"https:\/\/lennis.fi\/wp-content\/uploads\/2025\/06\/Sammakko-222x300.jpg 222w, https:\/\/lennis.fi\/wp-content\/uploads\/2025\/06\/Sammakko-759x1024.jpg 759w, https:\/\/lennis.fi\/wp-content\/uploads\/2025\/06\/Sammakko-768x1036.jpg 768w, https:\/\/lennis.fi\/wp-content\/uploads\/2025\/06\/Sammakko-1138x1536.jpg 1138w, https:\/\/lennis.fi\/wp-content\/uploads\/2025\/06\/Sammakko-600x810.jpg 600w, https:\/\/lennis.fi\/wp-content\/uploads\/2025\/06\/Sammakko.jpg 1171w\" sizes=\"auto, (max-width: 222px) 100vw, 222px\" \/><\/p>\n","protected":false},"excerpt":{"rendered":"<p>Virkattu sammakko 7-veljest\u00e4 langasta. T\u00e4ytteen\u00e4 vanu. Koko n. 20-21 cm Sammakot ovat k\u00e4sity\u00f6t\u00e4, joten pieni\u00e4 yksil\u00f6llisi\u00e4 eroja saattaa olla. Sammakot ovat uniikkeja.<\/p>\n","protected":false},"featured_media":290,"comment_status":"open","ping_status":"closed","template":"","meta":[],"product_brand":[],"product_cat":[33,22,29],"product_tag":[],"class_list":{"0":"post-321","1":"product","2":"type-product","3":"status-publish","4":"has-post-thumbnail","6":"product_cat-kaikki","7":"product_cat-virkkaus","8":"product_cat-pehmoelaimet","10":"first","11":"instock","12":"taxable","13":"shipping-taxable","14":"purchasable","15":"product-type-simple"},"jetpack_sharing_enabled":true,"_links":{"self":[{"href":"https:\/\/lennis.fi\/index.php\/wp-json\/wp\/v2\/product\/321","targetHints":{"allow":["GET"]}}],"collection":[{"href":"https:\/\/lennis.fi\/index.php\/wp-json\/wp\/v2\/product"}],"about":[{"href":"https:\/\/lennis.fi\/index.php\/wp-json\/wp\/v2\/types\/product"}],"replies":[{"embeddable":true,"href":"https:\/\/lennis.fi\/index.php\/wp-json\/wp\/v2\/comments?post=321"}],"wp:featuredmedia":[{"embeddable":true,"href":"https:\/\/lennis.fi\/index.php\/wp-json\/wp\/v2\/media\/290"}],"wp:attachment":[{"href":"https:\/\/lennis.fi\/index.php\/wp-json\/wp\/v2\/media?parent=321"}],"wp:term":[{"taxonomy":"product_brand","embeddable":true,"href":"https:\/\/lennis.fi\/index.php\/wp-json\/wp\/v2\/product_brand?post=321"},{"taxonomy":"product_cat","embeddable":true,"href":"https:\/\/lennis.fi\/index.php\/wp-json\/wp\/v2\/product_cat?post=321"},{"taxonomy":"product_tag","embeddable":true,"href":"https:\/\/lennis.fi\/index.php\/wp-json\/wp\/v2\/product_tag?post=321"}],"curies":[{"name":"wp","href":"https:\/\/api.w.org\/{rel}","templated":true}]}}