{"id":260,"date":"2025-06-22T13:01:42","date_gmt":"2025-06-22T13:01:42","guid":{"rendered":"https:\/\/lennis.fi\/?post_type=product&#038;p=260"},"modified":"2025-08-31T13:27:21","modified_gmt":"2025-08-31T10:27:21","slug":"tehtavakirja-huovasta","status":"publish","type":"product","link":"https:\/\/lennis.fi\/index.php\/product\/tehtavakirja-huovasta\/","title":{"rendered":"Teht\u00e4v\u00e4kirja huovasta (kansi vihre\u00e4, oranssi tai keltainen)"},"content":{"rendered":"<p>&nbsp;<\/p>\n<p>&nbsp;<\/p>\n<p>&nbsp;<\/p>\n","protected":false},"excerpt":{"rendered":"<p>Materiaali huopaa. Kirjassa 7 sivua ja kuvia yhteens\u00e4 14. Kuvissa hahmoja, el\u00e4imi\u00e4, asioita.<\/p>\n<p>Kirjan avulla voit lapsen kanssa opetella v\u00e4rej\u00e4, muotoja, kuvien tunnistamista.<\/p>\n<p>Kannen v\u00e4ri vihre\u00e4, oranssi tai keltainen. Kirjojen sis\u00e4lt\u00f6 samanlainen.<\/p>\n<p>&nbsp;<\/p>\n","protected":false},"featured_media":258,"comment_status":"open","ping_status":"closed","template":"","meta":[],"product_brand":[],"product_cat":[33,23],"product_tag":[],"class_list":{"0":"post-260","1":"product","2":"type-product","3":"status-publish","4":"has-post-thumbnail","6":"product_cat-kaikki","7":"product_cat-huopatyot","9":"first","10":"instock","11":"taxable","12":"shipping-taxable","13":"purchasable","14":"product-type-variable"},"jetpack_sharing_enabled":true,"_links":{"self":[{"href":"https:\/\/lennis.fi\/index.php\/wp-json\/wp\/v2\/product\/260","targetHints":{"allow":["GET"]}}],"collection":[{"href":"https:\/\/lennis.fi\/index.php\/wp-json\/wp\/v2\/product"}],"about":[{"href":"https:\/\/lennis.fi\/index.php\/wp-json\/wp\/v2\/types\/product"}],"replies":[{"embeddable":true,"href":"https:\/\/lennis.fi\/index.php\/wp-json\/wp\/v2\/comments?post=260"}],"wp:featuredmedia":[{"embeddable":true,"href":"https:\/\/lennis.fi\/index.php\/wp-json\/wp\/v2\/media\/258"}],"wp:attachment":[{"href":"https:\/\/lennis.fi\/index.php\/wp-json\/wp\/v2\/media?parent=260"}],"wp:term":[{"taxonomy":"product_brand","embeddable":true,"href":"https:\/\/lennis.fi\/index.php\/wp-json\/wp\/v2\/product_brand?post=260"},{"taxonomy":"product_cat","embeddable":true,"href":"https:\/\/lennis.fi\/index.php\/wp-json\/wp\/v2\/product_cat?post=260"},{"taxonomy":"product_tag","embeddable":true,"href":"https:\/\/lennis.fi\/index.php\/wp-json\/wp\/v2\/product_tag?post=260"}],"curies":[{"name":"wp","href":"https:\/\/api.w.org\/{rel}","templated":true}]}}