{"id":1271,"date":"2026-02-08T18:02:10","date_gmt":"2026-02-08T16:02:10","guid":{"rendered":"https:\/\/lennis.fi\/?post_type=product&#038;p=1271"},"modified":"2026-02-10T16:53:55","modified_gmt":"2026-02-10T14:53:55","slug":"korttikotelo-kuvio-e","status":"publish","type":"product","link":"https:\/\/lennis.fi\/index.php\/product\/korttikotelo-kuvio-e\/","title":{"rendered":"Pieni kangaspussukka (kuvio E)"},"content":{"rendered":"","protected":false},"excerpt":{"rendered":"<p>Pienet kankaiset &#8221;pussukat&#8221; esim.korteille, k\u00e4teiselle, avaimille ym. pienille jutuille.<\/p>\n<p>Pienen kokonsa vuoksi se mahtuu hyvin esim. taskuun, k\u00e4silaukkuun ja sen voi vaikka kiinnitt\u00e4\u00e4 vy\u00f6h\u00f6n ripustuslenkkins\u00e4 ansiosta.<\/p>\n","protected":false},"featured_media":1254,"comment_status":"open","ping_status":"closed","template":"","meta":[],"product_brand":[],"product_cat":[33,26],"product_tag":[],"class_list":{"0":"post-1271","1":"product","2":"type-product","3":"status-publish","4":"has-post-thumbnail","6":"product_cat-kaikki","7":"product_cat-ompelukset","9":"first","10":"instock","11":"taxable","12":"shipping-taxable","13":"purchasable","14":"product-type-simple"},"jetpack_sharing_enabled":true,"_links":{"self":[{"href":"https:\/\/lennis.fi\/index.php\/wp-json\/wp\/v2\/product\/1271","targetHints":{"allow":["GET"]}}],"collection":[{"href":"https:\/\/lennis.fi\/index.php\/wp-json\/wp\/v2\/product"}],"about":[{"href":"https:\/\/lennis.fi\/index.php\/wp-json\/wp\/v2\/types\/product"}],"replies":[{"embeddable":true,"href":"https:\/\/lennis.fi\/index.php\/wp-json\/wp\/v2\/comments?post=1271"}],"wp:featuredmedia":[{"embeddable":true,"href":"https:\/\/lennis.fi\/index.php\/wp-json\/wp\/v2\/media\/1254"}],"wp:attachment":[{"href":"https:\/\/lennis.fi\/index.php\/wp-json\/wp\/v2\/media?parent=1271"}],"wp:term":[{"taxonomy":"product_brand","embeddable":true,"href":"https:\/\/lennis.fi\/index.php\/wp-json\/wp\/v2\/product_brand?post=1271"},{"taxonomy":"product_cat","embeddable":true,"href":"https:\/\/lennis.fi\/index.php\/wp-json\/wp\/v2\/product_cat?post=1271"},{"taxonomy":"product_tag","embeddable":true,"href":"https:\/\/lennis.fi\/index.php\/wp-json\/wp\/v2\/product_tag?post=1271"}],"curies":[{"name":"wp","href":"https:\/\/api.w.org\/{rel}","templated":true}]}}