{"id":1117,"date":"2025-10-18T10:39:13","date_gmt":"2025-10-18T07:39:13","guid":{"rendered":"https:\/\/lennis.fi\/?post_type=product&#038;p=1117"},"modified":"2025-10-18T11:00:11","modified_gmt":"2025-10-18T08:00:11","slug":"keinutonttu-tytto-harmaa-nuttu-ja-punaiset-hanskat","status":"publish","type":"product","link":"https:\/\/lennis.fi\/index.php\/product\/keinutonttu-tytto-harmaa-nuttu-ja-punaiset-hanskat\/","title":{"rendered":"Keinutonttu (tytt\u00f6, harmaa nuttu ja punaiset hanskat)"},"content":{"rendered":"<p>Vaatteet fleecea, p\u00e4\u00e4 sukkahousua, t\u00e4ytteen\u00e4 vanu. Hiukset villalankaa ja helmisilm\u00e4t.<\/p>\n<p>Tontun pituus n. 35 -36 cm<\/p>\n<p>&nbsp;<\/p>\n","protected":false},"excerpt":{"rendered":"<p>Tonttu on keinussa kiinni taivutettavilla k\u00e4sill\u00e4 ja jaloilla. Asentoa voi vaihtaa ja tonttua tasapainotella keinulle k\u00e4sien ja jalkojen asentoa muotoilemalla, Ripustettava.<\/p>\n","protected":false},"featured_media":1075,"comment_status":"open","ping_status":"closed","template":"","meta":[],"product_brand":[],"product_cat":[33,40],"product_tag":[],"class_list":{"0":"post-1117","1":"product","2":"type-product","3":"status-publish","4":"has-post-thumbnail","6":"product_cat-kaikki","7":"product_cat-joulu","9":"first","10":"instock","11":"taxable","12":"shipping-taxable","13":"purchasable","14":"product-type-simple"},"jetpack_sharing_enabled":true,"_links":{"self":[{"href":"https:\/\/lennis.fi\/index.php\/wp-json\/wp\/v2\/product\/1117","targetHints":{"allow":["GET"]}}],"collection":[{"href":"https:\/\/lennis.fi\/index.php\/wp-json\/wp\/v2\/product"}],"about":[{"href":"https:\/\/lennis.fi\/index.php\/wp-json\/wp\/v2\/types\/product"}],"replies":[{"embeddable":true,"href":"https:\/\/lennis.fi\/index.php\/wp-json\/wp\/v2\/comments?post=1117"}],"wp:featuredmedia":[{"embeddable":true,"href":"https:\/\/lennis.fi\/index.php\/wp-json\/wp\/v2\/media\/1075"}],"wp:attachment":[{"href":"https:\/\/lennis.fi\/index.php\/wp-json\/wp\/v2\/media?parent=1117"}],"wp:term":[{"taxonomy":"product_brand","embeddable":true,"href":"https:\/\/lennis.fi\/index.php\/wp-json\/wp\/v2\/product_brand?post=1117"},{"taxonomy":"product_cat","embeddable":true,"href":"https:\/\/lennis.fi\/index.php\/wp-json\/wp\/v2\/product_cat?post=1117"},{"taxonomy":"product_tag","embeddable":true,"href":"https:\/\/lennis.fi\/index.php\/wp-json\/wp\/v2\/product_tag?post=1117"}],"curies":[{"name":"wp","href":"https:\/\/api.w.org\/{rel}","templated":true}]}}