{"id":1112,"date":"2025-10-18T10:17:48","date_gmt":"2025-10-18T07:17:48","guid":{"rendered":"https:\/\/lennis.fi\/?post_type=product&#038;p=1112"},"modified":"2025-10-18T11:00:34","modified_gmt":"2025-10-18T08:00:34","slug":"torkkutonttu-ovikoriste","status":"publish","type":"product","link":"https:\/\/lennis.fi\/index.php\/product\/torkkutonttu-ovikoriste\/","title":{"rendered":"Torkkutonttu (ovikoriste)"},"content":{"rendered":"<p>Renkaan halkaisija n. 18-19 cm<\/p>\n","protected":false},"excerpt":{"rendered":"<p>Huovutettu tonttu renkaassa.<\/p>\n<p>Tontun sis\u00e4ll\u00e4 rautalankaa, joten jalkojen ja k\u00e4sien asentoa voi vaihtaa.<\/p>\n","protected":false},"featured_media":1073,"comment_status":"open","ping_status":"closed","template":"","meta":[],"product_brand":[],"product_cat":[33,24,40],"product_tag":[],"class_list":{"0":"post-1112","1":"product","2":"type-product","3":"status-publish","4":"has-post-thumbnail","6":"product_cat-kaikki","7":"product_cat-huovutus","8":"product_cat-joulu","10":"first","11":"instock","12":"taxable","13":"shipping-taxable","14":"purchasable","15":"product-type-simple"},"jetpack_sharing_enabled":true,"_links":{"self":[{"href":"https:\/\/lennis.fi\/index.php\/wp-json\/wp\/v2\/product\/1112","targetHints":{"allow":["GET"]}}],"collection":[{"href":"https:\/\/lennis.fi\/index.php\/wp-json\/wp\/v2\/product"}],"about":[{"href":"https:\/\/lennis.fi\/index.php\/wp-json\/wp\/v2\/types\/product"}],"replies":[{"embeddable":true,"href":"https:\/\/lennis.fi\/index.php\/wp-json\/wp\/v2\/comments?post=1112"}],"wp:featuredmedia":[{"embeddable":true,"href":"https:\/\/lennis.fi\/index.php\/wp-json\/wp\/v2\/media\/1073"}],"wp:attachment":[{"href":"https:\/\/lennis.fi\/index.php\/wp-json\/wp\/v2\/media?parent=1112"}],"wp:term":[{"taxonomy":"product_brand","embeddable":true,"href":"https:\/\/lennis.fi\/index.php\/wp-json\/wp\/v2\/product_brand?post=1112"},{"taxonomy":"product_cat","embeddable":true,"href":"https:\/\/lennis.fi\/index.php\/wp-json\/wp\/v2\/product_cat?post=1112"},{"taxonomy":"product_tag","embeddable":true,"href":"https:\/\/lennis.fi\/index.php\/wp-json\/wp\/v2\/product_tag?post=1112"}],"curies":[{"name":"wp","href":"https:\/\/api.w.org\/{rel}","templated":true}]}}