{"id":1110,"date":"2025-10-18T10:10:50","date_gmt":"2025-10-18T07:10:50","guid":{"rendered":"https:\/\/lennis.fi\/?post_type=product&#038;p=1110"},"modified":"2025-10-18T11:01:02","modified_gmt":"2025-10-18T08:01:02","slug":"tonttu-taivuteltava","status":"publish","type":"product","link":"https:\/\/lennis.fi\/index.php\/product\/tonttu-taivuteltava\/","title":{"rendered":"Tonttu (taivuteltava, poika)"},"content":{"rendered":"<p>K\u00e4sinvalmistettu alkaen vartalon pehmustamisesta rautalangan ymp\u00e4rille. P\u00e4\u00e4 on muotoiltu vanulla t\u00e4ytetyst\u00e4 sukkahoususta. Paita, housut ja lakki collegekangasta. Lapaset ja tossu fleecea. Hiukset villalankaa, silm\u00e4n\u00e4 helmet.<\/p>\n<p>Yksil\u00f6llisi\u00e4. Ei kahta samanlaista ilmett\u00e4.<\/p>\n<p>Tontun koko n. 40 cm<\/p>\n<p>S\u00e4kki 22 cm x 16 cm<\/p>\n","protected":false},"excerpt":{"rendered":"<p>Monipuolinen tonttu. Rautalangan ansiosta tonttu asettuu eri asentoihin.<\/p>\n<p>Yksil\u00f6lliset ilmeet!<\/p>\n<p>Katso saman sarjan tytt\u00f6tonttu.<\/p>\n<p>Mukaan tulee s\u00e4kki.<\/p>\n","protected":false},"featured_media":814,"comment_status":"open","ping_status":"closed","template":"","meta":[],"product_brand":[],"product_cat":[33,40],"product_tag":[],"class_list":{"0":"post-1110","1":"product","2":"type-product","3":"status-publish","4":"has-post-thumbnail","6":"product_cat-kaikki","7":"product_cat-joulu","9":"first","10":"instock","11":"taxable","12":"shipping-taxable","13":"purchasable","14":"product-type-simple"},"jetpack_sharing_enabled":true,"_links":{"self":[{"href":"https:\/\/lennis.fi\/index.php\/wp-json\/wp\/v2\/product\/1110","targetHints":{"allow":["GET"]}}],"collection":[{"href":"https:\/\/lennis.fi\/index.php\/wp-json\/wp\/v2\/product"}],"about":[{"href":"https:\/\/lennis.fi\/index.php\/wp-json\/wp\/v2\/types\/product"}],"replies":[{"embeddable":true,"href":"https:\/\/lennis.fi\/index.php\/wp-json\/wp\/v2\/comments?post=1110"}],"wp:featuredmedia":[{"embeddable":true,"href":"https:\/\/lennis.fi\/index.php\/wp-json\/wp\/v2\/media\/814"}],"wp:attachment":[{"href":"https:\/\/lennis.fi\/index.php\/wp-json\/wp\/v2\/media?parent=1110"}],"wp:term":[{"taxonomy":"product_brand","embeddable":true,"href":"https:\/\/lennis.fi\/index.php\/wp-json\/wp\/v2\/product_brand?post=1110"},{"taxonomy":"product_cat","embeddable":true,"href":"https:\/\/lennis.fi\/index.php\/wp-json\/wp\/v2\/product_cat?post=1110"},{"taxonomy":"product_tag","embeddable":true,"href":"https:\/\/lennis.fi\/index.php\/wp-json\/wp\/v2\/product_tag?post=1110"}],"curies":[{"name":"wp","href":"https:\/\/api.w.org\/{rel}","templated":true}]}}