{"id":1106,"date":"2025-10-18T09:47:53","date_gmt":"2025-10-18T06:47:53","guid":{"rendered":"https:\/\/lennis.fi\/?post_type=product&#038;p=1106"},"modified":"2025-10-18T11:14:04","modified_gmt":"2025-10-18T08:14:04","slug":"magneettitonttu-puu-mini","status":"publish","type":"product","link":"https:\/\/lennis.fi\/index.php\/product\/magneettitonttu-puu-mini\/","title":{"rendered":"Magneettitonttu (puu, mini)"},"content":{"rendered":"<p>Kasvoina puunappi, muoviset liikkuvat silm\u00e4t. Minit ovat ilman hiuksia.<\/p>\n<p>Koko &#8221;lakista leukaan&#8221; 5 cm.<\/p>\n<p>&nbsp;<\/p>\n","protected":false},"excerpt":{"rendered":"<p>Magneetti esimerkiksi j\u00e4\u00e4kaapin oveen.<\/p>\n<p>Voit my\u00f6s koota magneeteista perheen tai yst\u00e4v\u00e4porukan (kts. esimerkkej\u00e4 kuvissa).<\/p>\n<p>Katso saman sarjan tytt\u00f6- ja poikatontut.<\/p>\n","protected":false},"featured_media":757,"comment_status":"open","ping_status":"closed","template":"","meta":[],"product_brand":[],"product_cat":[33,40],"product_tag":[],"class_list":{"0":"post-1106","1":"product","2":"type-product","3":"status-publish","4":"has-post-thumbnail","6":"product_cat-kaikki","7":"product_cat-joulu","9":"first","10":"instock","11":"taxable","12":"shipping-taxable","13":"purchasable","14":"product-type-simple"},"jetpack_sharing_enabled":true,"_links":{"self":[{"href":"https:\/\/lennis.fi\/index.php\/wp-json\/wp\/v2\/product\/1106","targetHints":{"allow":["GET"]}}],"collection":[{"href":"https:\/\/lennis.fi\/index.php\/wp-json\/wp\/v2\/product"}],"about":[{"href":"https:\/\/lennis.fi\/index.php\/wp-json\/wp\/v2\/types\/product"}],"replies":[{"embeddable":true,"href":"https:\/\/lennis.fi\/index.php\/wp-json\/wp\/v2\/comments?post=1106"}],"wp:featuredmedia":[{"embeddable":true,"href":"https:\/\/lennis.fi\/index.php\/wp-json\/wp\/v2\/media\/757"}],"wp:attachment":[{"href":"https:\/\/lennis.fi\/index.php\/wp-json\/wp\/v2\/media?parent=1106"}],"wp:term":[{"taxonomy":"product_brand","embeddable":true,"href":"https:\/\/lennis.fi\/index.php\/wp-json\/wp\/v2\/product_brand?post=1106"},{"taxonomy":"product_cat","embeddable":true,"href":"https:\/\/lennis.fi\/index.php\/wp-json\/wp\/v2\/product_cat?post=1106"},{"taxonomy":"product_tag","embeddable":true,"href":"https:\/\/lennis.fi\/index.php\/wp-json\/wp\/v2\/product_tag?post=1106"}],"curies":[{"name":"wp","href":"https:\/\/api.w.org\/{rel}","templated":true}]}}