{"id":1103,"date":"2025-10-18T09:40:10","date_gmt":"2025-10-18T06:40:10","guid":{"rendered":"https:\/\/lennis.fi\/?post_type=product&#038;p=1103"},"modified":"2025-10-18T11:19:36","modified_gmt":"2025-10-18T08:19:36","slug":"magneettitonttu-puu-tytto","status":"publish","type":"product","link":"https:\/\/lennis.fi\/index.php\/product\/magneettitonttu-puu-tytto\/","title":{"rendered":"Magneettitonttu (puu, tytt\u00f6)"},"content":{"rendered":"<p>Kasvoina puunappi, muoviset liikkuvat silm\u00e4t.<\/p>\n","protected":false},"excerpt":{"rendered":"<p>Magneetti esimerkiksi j\u00e4\u00e4kaapin oveen.<\/p>\n<p>Voit my\u00f6s koota magneeteista perheen tai yst\u00e4v\u00e4porukan (kts. esimerkkej\u00e4 kuvissa).<\/p>\n<p>Katso saman sarjan poika- ja minitontut.<\/p>\n","protected":false},"featured_media":750,"comment_status":"open","ping_status":"closed","template":"","meta":[],"product_brand":[],"product_cat":[33,40],"product_tag":[],"class_list":{"0":"post-1103","1":"product","2":"type-product","3":"status-publish","4":"has-post-thumbnail","6":"product_cat-kaikki","7":"product_cat-joulu","9":"first","10":"instock","11":"taxable","12":"shipping-taxable","13":"purchasable","14":"product-type-simple"},"jetpack_sharing_enabled":true,"_links":{"self":[{"href":"https:\/\/lennis.fi\/index.php\/wp-json\/wp\/v2\/product\/1103","targetHints":{"allow":["GET"]}}],"collection":[{"href":"https:\/\/lennis.fi\/index.php\/wp-json\/wp\/v2\/product"}],"about":[{"href":"https:\/\/lennis.fi\/index.php\/wp-json\/wp\/v2\/types\/product"}],"replies":[{"embeddable":true,"href":"https:\/\/lennis.fi\/index.php\/wp-json\/wp\/v2\/comments?post=1103"}],"wp:featuredmedia":[{"embeddable":true,"href":"https:\/\/lennis.fi\/index.php\/wp-json\/wp\/v2\/media\/750"}],"wp:attachment":[{"href":"https:\/\/lennis.fi\/index.php\/wp-json\/wp\/v2\/media?parent=1103"}],"wp:term":[{"taxonomy":"product_brand","embeddable":true,"href":"https:\/\/lennis.fi\/index.php\/wp-json\/wp\/v2\/product_brand?post=1103"},{"taxonomy":"product_cat","embeddable":true,"href":"https:\/\/lennis.fi\/index.php\/wp-json\/wp\/v2\/product_cat?post=1103"},{"taxonomy":"product_tag","embeddable":true,"href":"https:\/\/lennis.fi\/index.php\/wp-json\/wp\/v2\/product_tag?post=1103"}],"curies":[{"name":"wp","href":"https:\/\/api.w.org\/{rel}","templated":true}]}}