{"id":1101,"date":"2025-10-18T09:29:39","date_gmt":"2025-10-18T06:29:39","guid":{"rendered":"https:\/\/lennis.fi\/?post_type=product&#038;p=1101"},"modified":"2025-10-18T11:01:40","modified_gmt":"2025-10-18T08:01:40","slug":"pikkutonttu-ripustettava","status":"publish","type":"product","link":"https:\/\/lennis.fi\/index.php\/product\/pikkutonttu-ripustettava\/","title":{"rendered":"Pikkutonttu (ripustettava)"},"content":{"rendered":"<p>Vaatteet punaista huopaa. K\u00e4det ja jalat punaista ny\u00f6ri\u00e4. P\u00e4\u00e4 puuhelmi ja tontulakissa kultainen helmi.<\/p>\n<p>Koko n. 12 cm<\/p>\n<p>Tontut ovat yksil\u00f6it\u00e4 &#8211; ilmeiss\u00e4 hieman eroja.<\/p>\n","protected":false},"excerpt":{"rendered":"<p>Koristeeksi kuuseen, lahjapakettiin tai vaikka kuoreen joulutervehdyksen\u00e4.<\/p>\n<p>&nbsp;<\/p>\n","protected":false},"featured_media":948,"comment_status":"open","ping_status":"closed","template":"","meta":[],"product_brand":[],"product_cat":[33,40],"product_tag":[],"class_list":{"0":"post-1101","1":"product","2":"type-product","3":"status-publish","4":"has-post-thumbnail","6":"product_cat-kaikki","7":"product_cat-joulu","9":"first","10":"instock","11":"taxable","12":"shipping-taxable","13":"purchasable","14":"product-type-simple"},"jetpack_sharing_enabled":true,"_links":{"self":[{"href":"https:\/\/lennis.fi\/index.php\/wp-json\/wp\/v2\/product\/1101","targetHints":{"allow":["GET"]}}],"collection":[{"href":"https:\/\/lennis.fi\/index.php\/wp-json\/wp\/v2\/product"}],"about":[{"href":"https:\/\/lennis.fi\/index.php\/wp-json\/wp\/v2\/types\/product"}],"replies":[{"embeddable":true,"href":"https:\/\/lennis.fi\/index.php\/wp-json\/wp\/v2\/comments?post=1101"}],"wp:featuredmedia":[{"embeddable":true,"href":"https:\/\/lennis.fi\/index.php\/wp-json\/wp\/v2\/media\/948"}],"wp:attachment":[{"href":"https:\/\/lennis.fi\/index.php\/wp-json\/wp\/v2\/media?parent=1101"}],"wp:term":[{"taxonomy":"product_brand","embeddable":true,"href":"https:\/\/lennis.fi\/index.php\/wp-json\/wp\/v2\/product_brand?post=1101"},{"taxonomy":"product_cat","embeddable":true,"href":"https:\/\/lennis.fi\/index.php\/wp-json\/wp\/v2\/product_cat?post=1101"},{"taxonomy":"product_tag","embeddable":true,"href":"https:\/\/lennis.fi\/index.php\/wp-json\/wp\/v2\/product_tag?post=1101"}],"curies":[{"name":"wp","href":"https:\/\/api.w.org\/{rel}","templated":true}]}}