{"id":1100,"date":"2025-10-18T09:21:01","date_gmt":"2025-10-18T06:21:01","guid":{"rendered":"https:\/\/lennis.fi\/?post_type=product&#038;p=1100"},"modified":"2025-10-18T11:01:50","modified_gmt":"2025-10-18T08:01:50","slug":"vanhanajan-kudottu-tonttu","status":"publish","type":"product","link":"https:\/\/lennis.fi\/index.php\/product\/vanhanajan-kudottu-tonttu\/","title":{"rendered":"Vanhanajan tonttu (neulottu)"},"content":{"rendered":"<p>T\u00e4ytteen\u00e4 vanu.<\/p>\n<p>Pituus n. 11-12 cm.y<\/p>\n<p>Kaikki ovat k\u00e4sineulottu ja yksil\u00f6it\u00e4. Osalla on vihre\u00e4t housut ja osalla harmaat. My\u00f6s pieni\u00e4 eroja lankas\u00e4vyiss\u00e4<\/p>\n","protected":false},"excerpt":{"rendered":"<p>Muistoja lapsuudesta! Vanhanajan neulottu tonttu.<\/p>\n","protected":false},"featured_media":855,"comment_status":"open","ping_status":"closed","template":"","meta":[],"product_brand":[],"product_cat":[33,40],"product_tag":[],"class_list":{"0":"post-1100","1":"product","2":"type-product","3":"status-publish","4":"has-post-thumbnail","6":"product_cat-kaikki","7":"product_cat-joulu","9":"first","10":"instock","11":"taxable","12":"shipping-taxable","13":"purchasable","14":"product-type-simple"},"jetpack_sharing_enabled":true,"_links":{"self":[{"href":"https:\/\/lennis.fi\/index.php\/wp-json\/wp\/v2\/product\/1100","targetHints":{"allow":["GET"]}}],"collection":[{"href":"https:\/\/lennis.fi\/index.php\/wp-json\/wp\/v2\/product"}],"about":[{"href":"https:\/\/lennis.fi\/index.php\/wp-json\/wp\/v2\/types\/product"}],"replies":[{"embeddable":true,"href":"https:\/\/lennis.fi\/index.php\/wp-json\/wp\/v2\/comments?post=1100"}],"wp:featuredmedia":[{"embeddable":true,"href":"https:\/\/lennis.fi\/index.php\/wp-json\/wp\/v2\/media\/855"}],"wp:attachment":[{"href":"https:\/\/lennis.fi\/index.php\/wp-json\/wp\/v2\/media?parent=1100"}],"wp:term":[{"taxonomy":"product_brand","embeddable":true,"href":"https:\/\/lennis.fi\/index.php\/wp-json\/wp\/v2\/product_brand?post=1100"},{"taxonomy":"product_cat","embeddable":true,"href":"https:\/\/lennis.fi\/index.php\/wp-json\/wp\/v2\/product_cat?post=1100"},{"taxonomy":"product_tag","embeddable":true,"href":"https:\/\/lennis.fi\/index.php\/wp-json\/wp\/v2\/product_tag?post=1100"}],"curies":[{"name":"wp","href":"https:\/\/api.w.org\/{rel}","templated":true}]}}