{"id":1099,"date":"2025-10-18T09:11:34","date_gmt":"2025-10-18T06:11:34","guid":{"rendered":"https:\/\/lennis.fi\/?post_type=product&#038;p=1099"},"modified":"2025-10-18T11:02:02","modified_gmt":"2025-10-18T08:02:02","slug":"tonttutytto","status":"publish","type":"product","link":"https:\/\/lennis.fi\/index.php\/product\/tonttutytto\/","title":{"rendered":"Tonttutytt\u00f6"},"content":{"rendered":"<p>Tontun vaatteet huopaa ja fleecea. Sis\u00e4ll\u00e4 rautalanka, p\u00e4\u00e4 puuhelmi.<\/p>\n<p>Tyt\u00f6n koko n. 30 cm.<\/p>\n<p>&nbsp;<\/p>\n","protected":false},"excerpt":{"rendered":"<p>Tontun sis\u00e4ll\u00e4 rautalanka, joten voit muotoilla tontun eri asentoihin.<\/p>\n<p>Mukana kissa ja pieni s\u00e4kki.<\/p>\n<p>Sopii esimerkiksi kalenteritontuksi!<\/p>\n","protected":false},"featured_media":877,"comment_status":"open","ping_status":"closed","template":"","meta":[],"product_brand":[],"product_cat":[33,40],"product_tag":[],"class_list":{"0":"post-1099","1":"product","2":"type-product","3":"status-publish","4":"has-post-thumbnail","6":"product_cat-kaikki","7":"product_cat-joulu","9":"first","10":"instock","11":"taxable","12":"shipping-taxable","13":"purchasable","14":"product-type-simple"},"jetpack_sharing_enabled":true,"_links":{"self":[{"href":"https:\/\/lennis.fi\/index.php\/wp-json\/wp\/v2\/product\/1099","targetHints":{"allow":["GET"]}}],"collection":[{"href":"https:\/\/lennis.fi\/index.php\/wp-json\/wp\/v2\/product"}],"about":[{"href":"https:\/\/lennis.fi\/index.php\/wp-json\/wp\/v2\/types\/product"}],"replies":[{"embeddable":true,"href":"https:\/\/lennis.fi\/index.php\/wp-json\/wp\/v2\/comments?post=1099"}],"wp:featuredmedia":[{"embeddable":true,"href":"https:\/\/lennis.fi\/index.php\/wp-json\/wp\/v2\/media\/877"}],"wp:attachment":[{"href":"https:\/\/lennis.fi\/index.php\/wp-json\/wp\/v2\/media?parent=1099"}],"wp:term":[{"taxonomy":"product_brand","embeddable":true,"href":"https:\/\/lennis.fi\/index.php\/wp-json\/wp\/v2\/product_brand?post=1099"},{"taxonomy":"product_cat","embeddable":true,"href":"https:\/\/lennis.fi\/index.php\/wp-json\/wp\/v2\/product_cat?post=1099"},{"taxonomy":"product_tag","embeddable":true,"href":"https:\/\/lennis.fi\/index.php\/wp-json\/wp\/v2\/product_tag?post=1099"}],"curies":[{"name":"wp","href":"https:\/\/api.w.org\/{rel}","templated":true}]}}